{"id":81,"date":"2020-11-30T18:30:41","date_gmt":"2020-11-30T18:30:41","guid":{"rendered":"http:\/\/nataliaseibel.ch\/web\/?page_id=81"},"modified":"2025-11-03T21:20:56","modified_gmt":"2025-11-03T21:20:56","slug":"energiearbeit-baden","status":"publish","type":"page","link":"https:\/\/www.nataliaseibel.ch\/web\/energiearbeit-baden\/","title":{"rendered":"CHT-Einzelbehandlung"},"content":{"rendered":"\n<figure class=\"wp-block-embed is-type-video is-provider-youtube wp-block-embed-youtube wp-embed-aspect-16-9 wp-has-aspect-ratio\"><div class=\"wp-block-embed__wrapper\">\n<iframe loading=\"lazy\" title=\"Energiearbeit mit Natalia Seibel\" width=\"700\" height=\"394\" src=\"https:\/\/www.youtube.com\/embed\/OXxg9f_AGEE?feature=oembed\" frameborder=\"0\" allow=\"accelerometer; autoplay; clipboard-write; encrypted-media; gyroscope; picture-in-picture; web-share\" referrerpolicy=\"strict-origin-when-cross-origin\" allowfullscreen><\/iframe>\n<\/div><\/figure>\n\n\n\n<h2 class=\"wp-block-heading\"><\/h2>\n\n\n\n<p>Einzelbehandlungen finden unter Einbezug von spirituellen Energien statt. Der Ablauf einer  Einzelbehandlung ist eine Kombination aus der Heiltechnik \u00abCantor Holistic Touch<sup>\u00ae<\/sup>\u00bb und schamanischer Arbeit. Es werden intuitiv ausgew\u00e4hlte energetische Punkte (Tor-Punkte), welche am gesamten K\u00f6rper als ein Netz verteilt sind, kreisf\u00f6rmig gedr\u00fcckt und aktiviert. \u00dcber die Aktivierung der Tor-Punkte wird ein Zugang zu entsprechenden Chakren und feinstofflichen K\u00f6rpern verschafft, mit dem Ziel, den harmonischen Energiefluss in diesen Bereichen wieder herzustellen. Je nach Bedarf werden dabei verschiedene Energieformen wie z.B. Farb-Energien und F\u00fcnf-Elemente-Energien (F\u00fcnf-Elemente-Lehre nach der antiken griechischen Philosophie) in jeweiligen Tor-Punkten angewendet. \u00dcbertragung von positiven Gedanken sowie Visualisierungen und positive Affirmationen sind weitere Instrumente der Behandlungsmethode.<\/p>\n\n\n\n<p>Vor der ersten Behandlung findet ein Vorgespr\u00e4ch statt, in dem Ihr Anliegen erfasst werden kann und Sie eine M\u00f6glichkeit haben, ein gegenseitiges Vertrauen aufzubauen.<\/p>\n\n\n\n<p>Erg\u00e4nzend zu Einzelbehandlungen werden auf Sie angepasste Meditationen, Affirmationen und Visualisierungs\u00fcbungen f\u00fcr Zuhause von mir angeboten, welche es Ihnen erm\u00f6glichen, Ihre pers\u00f6nlichen Themen selbstst\u00e4ndig anzugehen.<\/p>\n\n\n\n<p>Die oben erw\u00e4hnte Energiearbeit bietet eine Unterst\u00fctzung bei:<\/p>\n\n\n\n<p>\u2022  Stressabbau \/ Stressbew\u00e4ltigung<br>\u2022  Kopfschmerzen und Migr\u00e4ne<br>\u2022  Schmerzlinderung<br>\u2022  Wiederherstellen der Balance zwischen K\u00f6rper, Geist und Seele<br>\u2022  Schlafst\u00f6rungen<br>\u2022  St\u00e4rkung der k\u00f6rperlichen Abwehrkr\u00e4fte<br>\u2022  Verbesserung des k\u00f6rperlichen Wohlbefindens<br>\u2022  Burnout<br>\u2022  Traumata<br>\u2022  F\u00f6rderung der positiven Gedanken und Gef\u00fchle<br>\u2022  Steigerung der Konzentration<br>\u2022  Selbstreflexion<br>\u2022  St\u00e4rkung von Selbstwertgef\u00fchl und Selbstliebe<br>\u2022 Unterst\u00fctzung bei Selbstfindung<\/p>\n\n\n\n<p>Dauer einer Einzelbehandlung: ca. 60 min<\/p>\n\n\n\n<p>Kosten:                                                                                                                                            Erwachsene CHF 120.- \/ Packet von 5 Einzelbehandlungen f\u00fcr CHF 480.-;<br>Kinder, Jugendliche und Studenten CHF 75.- \/ Packet von 5 Einzelsitzungen f\u00fcr CHF 300.-<\/p>\n\n\n\n<p>Terminvereinbarung: per Kontaktformular, E-Mail oder telefonisch<\/p>\n\n\n\n<p>Hinweis: Meine Behandlung ersetzt keine schulmedizinische Untersuchung und Diagnose, sowie die daraus resultierende Behandlung. <\/p>\n\n\n\n<figure class=\"wp-block-gallery has-nested-images columns-default is-cropped wp-block-gallery-1 is-layout-flex wp-block-gallery-is-layout-flex\">\n<figure class=\"wp-block-image size-large\"><img loading=\"lazy\" decoding=\"async\" width=\"1024\" height=\"682\" data-id=\"150\" src=\"https:\/\/www.nataliaseibel.ch\/web\/wp-content\/uploads\/2020\/11\/dsc0233bc-1024x682.jpg\" alt=\"\" class=\"wp-image-150\" srcset=\"https:\/\/www.nataliaseibel.ch\/web\/wp-content\/uploads\/2020\/11\/dsc0233bc-1024x682.jpg 1024w, https:\/\/www.nataliaseibel.ch\/web\/wp-content\/uploads\/2020\/11\/dsc0233bc-300x200.jpg 300w, https:\/\/www.nataliaseibel.ch\/web\/wp-content\/uploads\/2020\/11\/dsc0233bc-768x512.jpg 768w, https:\/\/www.nataliaseibel.ch\/web\/wp-content\/uploads\/2020\/11\/dsc0233bc-1536x1024.jpg 1536w, https:\/\/www.nataliaseibel.ch\/web\/wp-content\/uploads\/2020\/11\/dsc0233bc-330x220.jpg 330w, https:\/\/www.nataliaseibel.ch\/web\/wp-content\/uploads\/2020\/11\/dsc0233bc.jpg 2000w\" sizes=\"auto, (max-width: 1024px) 100vw, 1024px\" \/><\/figure>\n\n\n\n<figure class=\"wp-block-image size-large\"><img loading=\"lazy\" decoding=\"async\" width=\"700\" height=\"467\" data-id=\"363\" src=\"https:\/\/www.nataliaseibel.ch\/web\/wp-content\/uploads\/2021\/01\/DSC8543BC_1600-700x467.jpg\" alt=\"\" class=\"wp-image-363\" srcset=\"https:\/\/www.nataliaseibel.ch\/web\/wp-content\/uploads\/2021\/01\/DSC8543BC_1600-700x467.jpg 700w, https:\/\/www.nataliaseibel.ch\/web\/wp-content\/uploads\/2021\/01\/DSC8543BC_1600-300x200.jpg 300w, https:\/\/www.nataliaseibel.ch\/web\/wp-content\/uploads\/2021\/01\/DSC8543BC_1600-768x512.jpg 768w, https:\/\/www.nataliaseibel.ch\/web\/wp-content\/uploads\/2021\/01\/DSC8543BC_1600-1536x1024.jpg 1536w, https:\/\/www.nataliaseibel.ch\/web\/wp-content\/uploads\/2021\/01\/DSC8543BC_1600-800x534.jpg 800w, https:\/\/www.nataliaseibel.ch\/web\/wp-content\/uploads\/2021\/01\/DSC8543BC_1600.jpg 1600w\" sizes=\"auto, (max-width: 700px) 100vw, 700px\" \/><\/figure>\n\n\n\n<figure class=\"wp-block-image size-large\"><img loading=\"lazy\" decoding=\"async\" width=\"700\" height=\"438\" data-id=\"238\" src=\"https:\/\/www.nataliaseibel.ch\/web\/wp-content\/uploads\/2020\/12\/DSC8508BC-700x438.jpg\" alt=\"\" class=\"wp-image-238\" srcset=\"https:\/\/www.nataliaseibel.ch\/web\/wp-content\/uploads\/2020\/12\/DSC8508BC-700x438.jpg 700w, https:\/\/www.nataliaseibel.ch\/web\/wp-content\/uploads\/2020\/12\/DSC8508BC-300x188.jpg 300w, https:\/\/www.nataliaseibel.ch\/web\/wp-content\/uploads\/2020\/12\/DSC8508BC-768x480.jpg 768w, https:\/\/www.nataliaseibel.ch\/web\/wp-content\/uploads\/2020\/12\/DSC8508BC-1536x961.jpg 1536w, https:\/\/www.nataliaseibel.ch\/web\/wp-content\/uploads\/2020\/12\/DSC8508BC-800x501.jpg 800w, https:\/\/www.nataliaseibel.ch\/web\/wp-content\/uploads\/2020\/12\/DSC8508BC.jpg 1600w\" sizes=\"auto, (max-width: 700px) 100vw, 700px\" \/><\/figure>\n\n\n\n<figure class=\"wp-block-image size-large\"><img loading=\"lazy\" decoding=\"async\" width=\"700\" height=\"466\" data-id=\"256\" src=\"https:\/\/www.nataliaseibel.ch\/web\/wp-content\/uploads\/2020\/12\/dsc0310bc-700x466.jpg\" alt=\"\" class=\"wp-image-256\" srcset=\"https:\/\/www.nataliaseibel.ch\/web\/wp-content\/uploads\/2020\/12\/dsc0310bc-700x466.jpg 700w, https:\/\/www.nataliaseibel.ch\/web\/wp-content\/uploads\/2020\/12\/dsc0310bc-300x200.jpg 300w, https:\/\/www.nataliaseibel.ch\/web\/wp-content\/uploads\/2020\/12\/dsc0310bc-768x511.jpg 768w, https:\/\/www.nataliaseibel.ch\/web\/wp-content\/uploads\/2020\/12\/dsc0310bc-800x533.jpg 800w, https:\/\/www.nataliaseibel.ch\/web\/wp-content\/uploads\/2020\/12\/dsc0310bc.jpg 1000w\" sizes=\"auto, (max-width: 700px) 100vw, 700px\" \/><\/figure>\n\n\n\n<figure class=\"wp-block-image size-large\"><img loading=\"lazy\" decoding=\"async\" width=\"700\" height=\"516\" data-id=\"361\" src=\"https:\/\/www.nataliaseibel.ch\/web\/wp-content\/uploads\/2021\/01\/DSC8702BC_1600-700x516.jpg\" alt=\"\" class=\"wp-image-361\" srcset=\"https:\/\/www.nataliaseibel.ch\/web\/wp-content\/uploads\/2021\/01\/DSC8702BC_1600-700x516.jpg 700w, https:\/\/www.nataliaseibel.ch\/web\/wp-content\/uploads\/2021\/01\/DSC8702BC_1600-300x221.jpg 300w, https:\/\/www.nataliaseibel.ch\/web\/wp-content\/uploads\/2021\/01\/DSC8702BC_1600-768x566.jpg 768w, https:\/\/www.nataliaseibel.ch\/web\/wp-content\/uploads\/2021\/01\/DSC8702BC_1600-1536x1132.jpg 1536w, https:\/\/www.nataliaseibel.ch\/web\/wp-content\/uploads\/2021\/01\/DSC8702BC_1600-800x590.jpg 800w, https:\/\/www.nataliaseibel.ch\/web\/wp-content\/uploads\/2021\/01\/DSC8702BC_1600-80x60.jpg 80w, https:\/\/www.nataliaseibel.ch\/web\/wp-content\/uploads\/2021\/01\/DSC8702BC_1600.jpg 1600w\" sizes=\"auto, (max-width: 700px) 100vw, 700px\" \/><\/figure>\n<\/figure>\n","protected":false},"excerpt":{"rendered":"<p>Einzelbehandlungen finden unter Einbezug von spirituellen Energien statt. Der Ablauf einer Einzelbehandlung ist eine Kombination aus der Heiltechnik \u00abCantor Holistic Touch\u00ae\u00bb und schamanischer Arbeit. Es werden intuitiv ausgew\u00e4hlte energetische Punkte (Tor-Punkte), welche am gesamten K\u00f6rper als ein Netz verteilt sind, kreisf\u00f6rmig gedr\u00fcckt und aktiviert. \u00dcber die Aktivierung der Tor-Punkte wird ein Zugang zu entsprechenden Chakren&#8230;<\/p>\n","protected":false},"author":2,"featured_media":0,"parent":0,"menu_order":0,"comment_status":"closed","ping_status":"closed","template":"","meta":{"footnotes":""},"class_list":["post-81","page","type-page","status-publish","hentry"],"_links":{"self":[{"href":"https:\/\/www.nataliaseibel.ch\/web\/wp-json\/wp\/v2\/pages\/81","targetHints":{"allow":["GET"]}}],"collection":[{"href":"https:\/\/www.nataliaseibel.ch\/web\/wp-json\/wp\/v2\/pages"}],"about":[{"href":"https:\/\/www.nataliaseibel.ch\/web\/wp-json\/wp\/v2\/types\/page"}],"author":[{"embeddable":true,"href":"https:\/\/www.nataliaseibel.ch\/web\/wp-json\/wp\/v2\/users\/2"}],"replies":[{"embeddable":true,"href":"https:\/\/www.nataliaseibel.ch\/web\/wp-json\/wp\/v2\/comments?post=81"}],"version-history":[{"count":27,"href":"https:\/\/www.nataliaseibel.ch\/web\/wp-json\/wp\/v2\/pages\/81\/revisions"}],"predecessor-version":[{"id":773,"href":"https:\/\/www.nataliaseibel.ch\/web\/wp-json\/wp\/v2\/pages\/81\/revisions\/773"}],"wp:attachment":[{"href":"https:\/\/www.nataliaseibel.ch\/web\/wp-json\/wp\/v2\/media?parent=81"}],"curies":[{"name":"wp","href":"https:\/\/api.w.org\/{rel}","templated":true}]}}