{"id":8,"date":"2020-11-29T14:09:37","date_gmt":"2020-11-29T14:09:37","guid":{"rendered":"http:\/\/nataliaseibel.ch\/web\/?page_id=8"},"modified":"2025-11-03T22:31:08","modified_gmt":"2025-11-03T22:31:08","slug":"grenzgaengerin","status":"publish","type":"page","link":"https:\/\/www.nataliaseibel.ch\/web\/grenzgaengerin\/","title":{"rendered":"\u00dcber mich"},"content":{"rendered":"\n<figure class=\"wp-block-image size-large\"><img loading=\"lazy\" decoding=\"async\" width=\"700\" height=\"525\" src=\"https:\/\/www.nataliaseibel.ch\/web\/wp-content\/uploads\/2025\/11\/P1190531-700x525.jpg\" alt=\"\" class=\"wp-image-788\" srcset=\"https:\/\/www.nataliaseibel.ch\/web\/wp-content\/uploads\/2025\/11\/P1190531-700x525.jpg 700w, https:\/\/www.nataliaseibel.ch\/web\/wp-content\/uploads\/2025\/11\/P1190531-300x225.jpg 300w, https:\/\/www.nataliaseibel.ch\/web\/wp-content\/uploads\/2025\/11\/P1190531-768x576.jpg 768w, https:\/\/www.nataliaseibel.ch\/web\/wp-content\/uploads\/2025\/11\/P1190531-1536x1152.jpg 1536w, https:\/\/www.nataliaseibel.ch\/web\/wp-content\/uploads\/2025\/11\/P1190531-2048x1536.jpg 2048w, https:\/\/www.nataliaseibel.ch\/web\/wp-content\/uploads\/2025\/11\/P1190531-800x600.jpg 800w, https:\/\/www.nataliaseibel.ch\/web\/wp-content\/uploads\/2025\/11\/P1190531-80x60.jpg 80w\" sizes=\"auto, (max-width: 700px) 100vw, 700px\" \/><\/figure>\n\n\n\n<p><\/p>\n\n\n\n<p>Als geografische Grenzg\u00e4ngerin bin ich in Zentralasien beim Altai-Gebirge im Vierl\u00e4ndereck Kasachstan\/Russland\/Mongolei\/China geboren. Und aufgewachsen in Ostasien im Dreil\u00e4ndereck Russland\/China\/Nordkorea am Pazifischen Ozean. Meine Jugendzeit verbrachte ich an der westlichen Grenze von Weissrussland mit Sichtkontakt nach Polen \u2013 sozusagen in der Kontaktzone zwischen Ost und West. Dann folgte mein Studium und die Berufsausbildung im Bereich der angewandten Chemie in Deutschland. Knapp 10\u2019000 km liegen dazwischen.<\/p>\n\n\n\n<p>Seit 20 Jahren lebe ich nun in der Schweiz und f\u00fchle, dass ich angekommen bin. Hier habe ich meine Heimat gefunden. Doch eine Grenzg\u00e4ngerin bin ich dennoch geblieben: W\u00e4hrend einer Reise in Israel durfte ich einen Kontakt zu einem Delfin erleben, der in mir etwas ausl\u00f6ste. Ich sp\u00fcrte, dass es um uns herum viel mehr gibt, als wir mit unseren f\u00fcnf Sinnen wahrnehmen k\u00f6nnen.&nbsp;<\/p>\n\n\n\n<p>Mit dieser Erkenntnis liess ich mich als Energiearbeiterin und im spirituellen Heilen ausbilden. Schon fr\u00fch w\u00e4hrend der Ausbildung entdeckte ich meine medialen F\u00e4higkeiten und die Leidenschaft f\u00fcr die Arbeit mit Menschen. Seit der Weiterbildung zum Coach im Jahr 2014 \u00fcbe ich diese T\u00e4tigkeit mit grosser Freude und tiefster Dankbarkeit aus. Mit der wachsenden Erfahrung und der pers\u00f6nlichen Weiterentwicklung fliesst vermehrt der Schamanismus in meine Arbeit ein und ist ein wichtiger Bestandteil in meinen Einzelbehandlungen.<\/p>\n\n\n\n<p>In der Freizeit bin ich gerne in der Natur und wandere, besch\u00e4ftige mich mit Kunst und Arch\u00e4ologie und tanze Capoeira.<\/p>\n","protected":false},"excerpt":{"rendered":"<p>Als geografische Grenzg\u00e4ngerin bin ich in Zentralasien beim Altai-Gebirge im Vierl\u00e4ndereck Kasachstan\/Russland\/Mongolei\/China geboren. Und aufgewachsen in Ostasien im Dreil\u00e4ndereck Russland\/China\/Nordkorea am Pazifischen Ozean. Meine Jugendzeit verbrachte ich an der westlichen Grenze von Weissrussland mit Sichtkontakt nach Polen \u2013 sozusagen in der Kontaktzone zwischen Ost und West. Dann folgte mein Studium und die Berufsausbildung im Bereich&#8230;<\/p>\n","protected":false},"author":2,"featured_media":0,"parent":0,"menu_order":0,"comment_status":"closed","ping_status":"closed","template":"","meta":{"footnotes":""},"class_list":["post-8","page","type-page","status-publish","hentry"],"_links":{"self":[{"href":"https:\/\/www.nataliaseibel.ch\/web\/wp-json\/wp\/v2\/pages\/8","targetHints":{"allow":["GET"]}}],"collection":[{"href":"https:\/\/www.nataliaseibel.ch\/web\/wp-json\/wp\/v2\/pages"}],"about":[{"href":"https:\/\/www.nataliaseibel.ch\/web\/wp-json\/wp\/v2\/types\/page"}],"author":[{"embeddable":true,"href":"https:\/\/www.nataliaseibel.ch\/web\/wp-json\/wp\/v2\/users\/2"}],"replies":[{"embeddable":true,"href":"https:\/\/www.nataliaseibel.ch\/web\/wp-json\/wp\/v2\/comments?post=8"}],"version-history":[{"count":16,"href":"https:\/\/www.nataliaseibel.ch\/web\/wp-json\/wp\/v2\/pages\/8\/revisions"}],"predecessor-version":[{"id":805,"href":"https:\/\/www.nataliaseibel.ch\/web\/wp-json\/wp\/v2\/pages\/8\/revisions\/805"}],"wp:attachment":[{"href":"https:\/\/www.nataliaseibel.ch\/web\/wp-json\/wp\/v2\/media?parent=8"}],"curies":[{"name":"wp","href":"https:\/\/api.w.org\/{rel}","templated":true}]}}