{"id":791,"date":"2025-11-09T19:36:16","date_gmt":"2025-11-09T19:36:16","guid":{"rendered":"https:\/\/www.nataliaseibel.ch\/web\/?page_id=791"},"modified":"2025-11-09T20:14:38","modified_gmt":"2025-11-09T20:14:38","slug":"logra","status":"publish","type":"page","link":"https:\/\/www.nataliaseibel.ch\/web\/logra\/","title":{"rendered":"LOGRA &#8211; Stufenweg zum Logos"},"content":{"rendered":"\n<p>Im Vergleich zu statischeren \u00dcbungen wie im Yoga geht es hier um sanfte, m\u00e4ssig kraftvolle bis hin zu intensiveren Bewegungen, die in einem kontinuierlichen Fluss ausgef\u00fchrt werden. <\/p>\n\n\n\n<p>Logra vereint Bewegung, Bewusstsein und gestalterische Pr\u00e4senz zu einer neuen k\u00f6rperlichen Erfahrung. Hinter dieser Bewegungsschule steht eine anthroposophisch inspirierte Weltanschauung: Der Mensch wird als geist-, seelen- und k\u00f6rperhaftes Wesen verstanden, das durch Bewegung in eine lebendige Beziehung zu eigenen Mitte und zur Umwelt treten kann.  <\/p>\n\n\n\n<p>In der Praxis erleben Teilnehmende dynamische Bewegungsabl\u00e4ufe, die sowohl Kraft als auch Leichtigkeit integrieren. Die \u00dcbungen laden ein, im Fluss zu bleiben &#8211; sich zu \u00f6ffnen, kraftvoll auszudr\u00fccken und zugleich sensibel wahrzunehmen. <\/p>\n\n\n\n<p>Logra schafft einen Raum, in dem Sp\u00fcren, Gestalten und Sein sich verbinden &#8211; eine Einladung, sich mit dem eigenen K\u00f6rper neu zu begegnen, voller Achtsamkeit, Vitalit\u00e4t und Inspiration. <\/p>\n\n\n\n<p>Wenn Sie mehr \u00fcber Logra erfahren und einen lebendigen Eindruck dieser Bewegungsweise erhalten m\u00f6chtest, lade ich Sie herzlich ein, den offiziellen Logra-Film meiner Lehrerinnen und meines Lehrers anzuschauen. Der Film vermittelt auf eindrucksvolle Weise die Philosophie und die innere Haltung, die hinter dieser Bewegungsschule stehen.<\/p>\n\n\n\n<p><a href=\"https:\/\/www.youtube.com\/watch?v=4naACEDVEzc\" target=\"_blank\" rel=\"noreferrer noopener\">Zum offiziellen Logra-Film<\/a><\/p>\n","protected":false},"excerpt":{"rendered":"<p>Im Vergleich zu statischeren \u00dcbungen wie im Yoga geht es hier um sanfte, m\u00e4ssig kraftvolle bis hin zu intensiveren Bewegungen, die in einem kontinuierlichen Fluss ausgef\u00fchrt werden. Logra vereint Bewegung, Bewusstsein und gestalterische Pr\u00e4senz zu einer neuen k\u00f6rperlichen Erfahrung. Hinter dieser Bewegungsschule steht eine anthroposophisch inspirierte Weltanschauung: Der Mensch wird als geist-, seelen- und k\u00f6rperhaftes&#8230;<\/p>\n","protected":false},"author":2,"featured_media":0,"parent":0,"menu_order":0,"comment_status":"closed","ping_status":"closed","template":"","meta":{"footnotes":""},"class_list":["post-791","page","type-page","status-publish","hentry"],"_links":{"self":[{"href":"https:\/\/www.nataliaseibel.ch\/web\/wp-json\/wp\/v2\/pages\/791","targetHints":{"allow":["GET"]}}],"collection":[{"href":"https:\/\/www.nataliaseibel.ch\/web\/wp-json\/wp\/v2\/pages"}],"about":[{"href":"https:\/\/www.nataliaseibel.ch\/web\/wp-json\/wp\/v2\/types\/page"}],"author":[{"embeddable":true,"href":"https:\/\/www.nataliaseibel.ch\/web\/wp-json\/wp\/v2\/users\/2"}],"replies":[{"embeddable":true,"href":"https:\/\/www.nataliaseibel.ch\/web\/wp-json\/wp\/v2\/comments?post=791"}],"version-history":[{"count":8,"href":"https:\/\/www.nataliaseibel.ch\/web\/wp-json\/wp\/v2\/pages\/791\/revisions"}],"predecessor-version":[{"id":810,"href":"https:\/\/www.nataliaseibel.ch\/web\/wp-json\/wp\/v2\/pages\/791\/revisions\/810"}],"wp:attachment":[{"href":"https:\/\/www.nataliaseibel.ch\/web\/wp-json\/wp\/v2\/media?parent=791"}],"curies":[{"name":"wp","href":"https:\/\/api.w.org\/{rel}","templated":true}]}}