{"id":755,"date":"2025-05-04T18:01:48","date_gmt":"2025-05-04T18:01:48","guid":{"rendered":"https:\/\/www.nataliaseibel.ch\/web\/?page_id=755"},"modified":"2025-11-03T21:33:29","modified_gmt":"2025-11-03T21:33:29","slug":"schamanismus","status":"publish","type":"page","link":"https:\/\/www.nataliaseibel.ch\/web\/schamanismus\/","title":{"rendered":"Schamanische Einzelbehandlung"},"content":{"rendered":"\n<p>Der Schamanismus hat seinen Ursprung in der Altai-Region (Zentralsibirien, Kasachstan, Mongolei, Tuwa) und gilt als ist eine der \u00e4ltesten Formen der Heilung und spirituellen Praxis. Er ist ein sibirisches und zentralasiatisches Ph\u00e4nomen par excellence. Die Altai-Region war \u00fcber Jahrtausende ein kultureller Kreuzungspunkt, aus dem sich zahlreiche schamanische Richtungen entwickelten.<\/p>\n\n\n\n<p>Das Wort &#8222;Schamane\u201c stammt urspr\u00fcnglich aus den tungusisch-mandschurischen Sprachen, insbesondere dem Ewenkischen. Es leitet sich vom Wort <em>\u0161aman<\/em> ab, das &#8222;der Wissende\u201c oder &#8222;derjenige, der weiss\u201c bedeutet. Die Wurzel <em>sa-<\/em> steht f\u00fcr \u201ewissen\u201c, das Suffix <em>-man<\/em> kennzeichnet eine Person mit einer bestimmten Eigenschaft \u2013 w\u00f6rtlich also: &#8222;der Wissende\u201c oder &#8222;derjenige, der weiss, was anderen verborgen ist\u201c.<\/p>\n\n\n\n<p>Im Laufe der Zeit verbreitete sich der Schamanismus \u00fcber viele Kulturen hinweg und ist heute in den entlegensten Regionen der Erde zu finden. Schamaninnen und Schamanen waren seit jeher erste Anlaufstelle bei k\u00f6rperlichen, seelischen, und emotionalen Beschwerden.<\/p>\n\n\n\n<p>Die von mir angebotenen schamanischen Einzelbehandlungen basieren auf den Heiltraditionen der n\u00f6rdlichen J\u00e4ger der Eiszeit und der fr\u00fchen Post-Eiszeit. Sie orientieren sich an der spirituellen Medizin der Krafttiere: B\u00e4r, Adler, Wolf und Hirsch.<\/p>\n\n\n\n<p>Sie k\u00f6nnen jenes Krafttier w\u00e4hlen, zu dem Sie sich am meisten hingezogen f\u00fchlen.<br>Jedes Heilritual wird in Verbindung mit der Energie dieses Totemtieres durchgef\u00fchrt und findet in liegender Position statt. Es kann von Trommeln und Gesang begleitet werden. Zu Beginn wird traditionell beidseitig eine Gesichtsmaske aufgetragen, die im Anschluss sanft abgewaschen werden kann. Zum Abschluss lade ich Sie zu einer Reflexion ein, in der das Erlebte Raum finden und integriert werden darf.<\/p>\n\n\n\n<p class=\"has-medium-font-size\">Eigenschaften der Totemtiere und ihre Wirkung<\/p>\n\n\n\n<p><em>Grossmutter B\u00e4r &#8211; eine universelle Heilkraft:<\/em><\/p>\n\n\n\n<p>\u2022  Verk\u00f6rperung bedingungsloser g\u00f6ttlicher Liebe und des m\u00fctterlichen Prinzips<br>\u2022  Weisheit und F\u00fcrsorge<br>\u2022  starke Besch\u00fctzerin der Kinder<br>\u2022  grosse Pflanzenheilerin<br>\u2022  f\u00fchrt zur inneren Wahrheit und Probleml\u00f6sung<br>\u2022  bringt Ruhe in Gedanken und Handlungen<br>\u2022  lehrt, Dinge zu vollenden<br>\u2022  hilft, mit unangenehmen Dingen umzugehen<br>\u2022  hilft, die Kraft aus dem Inneren des Herzens zu sch\u00f6pfen<\/p>\n\n\n\n<p><em>Adler \u2013 eine universelle Heilkraft:<\/em><\/p>\n\n\n\n<p>\u2022  verk\u00f6rpert die Verbindung zum g\u00f6ttlichen Geist<br>\u2022  ist der Sonne am n\u00e4chsten<br>\u2022  scharfer Blick und klare Sicht auf Zusammenh\u00e4nge<br>\u2022  hilft, Angst vor dem Unbekannten abzulegen<br>\u2022  \u00f6ffnet den Blick f\u00fcr neue Horizonte<br>\u2022  weckt verborgene Kr\u00e4fte und Energien<br>\u2022  unterst\u00fctzt bei Atemwegsthemen<br>\u2022  hilft, Niederlagen als Erfahrung anzunehmen<br>\u2022  ermutigt, zum Emporschwingen der Seele<\/p>\n\n\n\n<p><em>Grossvater Wolf \u2013 ein Repr\u00e4sentant der Mutter Erde:<\/em><\/p>\n\n\n\n<p>\u2022  Verk\u00f6rperung der Urform von Freiheit, Mystik und Tiefe<br>\u2022  ein treuer, liebevoller Begleiter<br>\u2022  hilft, in polarisierten Lebenslagen Gleichgewicht zu finden<br>\u2022  Besch\u00fctzer der Familie und kollektiver Geist<br>\u2022  sozial, leidenschaftlich und mitf\u00fchlend<br>\u2022  geh\u00f6rt zu den grossen Lehrmeistern des Menschen<br>\u2022  st\u00e4rkt Menschen, deren Grossz\u00fcgigkeit und Gutm\u00fctigkeit ausgenutzt wird<br>\u2022  unterst\u00fctzt bei der Bew\u00e4ltigung vieler Aufgaben gleichzeitig<\/p>\n\n\n\n<p><em>Hirsch \u2013 ein Repr\u00e4sentant der Mutter Erde:<\/em><\/p>\n\n\n\n<p>\u2022  verk\u00f6rpert Eleganz, Sanftmut, Sch\u00f6nheit und Liebe<br>\u2022  ein majest\u00e4tisches Krafttier<br>\u2022  schnell und ausdauernd<br>\u2022 erkennt Gefahren auf weite Entfernung<br>\u2022 lehrt, eigene Kr\u00e4fte achtsam zu verteilen<br>\u2022 hilft, das eigene Lebensrhythmus zu finden<br>\u2022 f\u00f6rdert Kreativit\u00e4t und gesunde Sexualit\u00e4t<\/p>\n\n\n\n<p>Die schamanische Heilarbeit erfolgt in einem Zustand hohen Gewahrseins, tiefer Initiation und stets zum Wohle des Empf\u00e4ngers und des Ganzen.<\/p>\n\n\n\n<p>Dauer einer Einzelbehandlung: 90 -120 min<\/p>\n\n\n\n<p>Kosten:                                                                                                                                            Erwachsene CHF 130.- \/ Packet von 5 Einzelbehandlungen f\u00fcr CHF 520.-;<br>Lehrlinge und Studenten CHF 80.- \/ Packet von 5 Einzelsitzungen f\u00fcr CHF 400.-<\/p>\n\n\n\n<p>Terminvereinbarung: per Kontaktformular, E-Mail oder telefonisch<\/p>\n\n\n\n<p>Hinweis: Meine Behandlung ersetzt keine schulmedizinische Untersuchung und Diagnose, sowie die daraus resultierende Behandlung. <\/p>\n\n\n\n<p><\/p>\n\n\n\n<figure class=\"wp-block-gallery has-nested-images columns-default is-cropped wp-block-gallery-1 is-layout-flex wp-block-gallery-is-layout-flex\">\n<figure class=\"wp-block-image size-large\"><img loading=\"lazy\" decoding=\"async\" width=\"700\" height=\"700\" data-id=\"768\" src=\"https:\/\/www.nataliaseibel.ch\/web\/wp-content\/uploads\/2025\/05\/Tierkreis_V2_1000px-1-700x700.jpg\" alt=\"\" class=\"wp-image-768\" srcset=\"https:\/\/www.nataliaseibel.ch\/web\/wp-content\/uploads\/2025\/05\/Tierkreis_V2_1000px-1-700x700.jpg 700w, https:\/\/www.nataliaseibel.ch\/web\/wp-content\/uploads\/2025\/05\/Tierkreis_V2_1000px-1-300x300.jpg 300w, https:\/\/www.nataliaseibel.ch\/web\/wp-content\/uploads\/2025\/05\/Tierkreis_V2_1000px-1-150x150.jpg 150w, https:\/\/www.nataliaseibel.ch\/web\/wp-content\/uploads\/2025\/05\/Tierkreis_V2_1000px-1-768x768.jpg 768w, https:\/\/www.nataliaseibel.ch\/web\/wp-content\/uploads\/2025\/05\/Tierkreis_V2_1000px-1-800x800.jpg 800w, https:\/\/www.nataliaseibel.ch\/web\/wp-content\/uploads\/2025\/05\/Tierkreis_V2_1000px-1.jpg 1000w\" sizes=\"auto, (max-width: 700px) 100vw, 700px\" \/><\/figure>\n<\/figure>\n","protected":false},"excerpt":{"rendered":"<p>Der Schamanismus hat seinen Ursprung in der Altai-Region (Zentralsibirien, Kasachstan, Mongolei, Tuwa) und gilt als ist eine der \u00e4ltesten Formen der Heilung und spirituellen Praxis. Er ist ein sibirisches und zentralasiatisches Ph\u00e4nomen par excellence. Die Altai-Region war \u00fcber Jahrtausende ein kultureller Kreuzungspunkt, aus dem sich zahlreiche schamanische Richtungen entwickelten. Das Wort &#8222;Schamane\u201c stammt urspr\u00fcnglich aus&#8230;<\/p>\n","protected":false},"author":2,"featured_media":0,"parent":0,"menu_order":0,"comment_status":"closed","ping_status":"closed","template":"","meta":{"footnotes":""},"class_list":["post-755","page","type-page","status-publish","hentry"],"_links":{"self":[{"href":"https:\/\/www.nataliaseibel.ch\/web\/wp-json\/wp\/v2\/pages\/755","targetHints":{"allow":["GET"]}}],"collection":[{"href":"https:\/\/www.nataliaseibel.ch\/web\/wp-json\/wp\/v2\/pages"}],"about":[{"href":"https:\/\/www.nataliaseibel.ch\/web\/wp-json\/wp\/v2\/types\/page"}],"author":[{"embeddable":true,"href":"https:\/\/www.nataliaseibel.ch\/web\/wp-json\/wp\/v2\/users\/2"}],"replies":[{"embeddable":true,"href":"https:\/\/www.nataliaseibel.ch\/web\/wp-json\/wp\/v2\/comments?post=755"}],"version-history":[{"count":13,"href":"https:\/\/www.nataliaseibel.ch\/web\/wp-json\/wp\/v2\/pages\/755\/revisions"}],"predecessor-version":[{"id":785,"href":"https:\/\/www.nataliaseibel.ch\/web\/wp-json\/wp\/v2\/pages\/755\/revisions\/785"}],"wp:attachment":[{"href":"https:\/\/www.nataliaseibel.ch\/web\/wp-json\/wp\/v2\/media?parent=755"}],"curies":[{"name":"wp","href":"https:\/\/api.w.org\/{rel}","templated":true}]}}