{"id":2,"date":"2020-10-29T15:00:29","date_gmt":"2020-10-29T15:00:29","guid":{"rendered":"http:\/\/nataliaseibel.ch\/web\/?page_id=2"},"modified":"2025-11-03T21:31:45","modified_gmt":"2025-11-03T21:31:45","slug":"startseite","status":"publish","type":"page","link":"https:\/\/www.nataliaseibel.ch\/web\/","title":{"rendered":"Finden Sie Ihre Balance f\u00fcr K\u00f6rper, Geist und Seele"},"content":{"rendered":"\n<figure class=\"wp-block-image size-large\"><img loading=\"lazy\" decoding=\"async\" width=\"700\" height=\"434\" src=\"https:\/\/www.nataliaseibel.ch\/web\/wp-content\/uploads\/2023\/09\/IMG_0200-700x434.jpeg\" alt=\"\" class=\"wp-image-707\" srcset=\"https:\/\/www.nataliaseibel.ch\/web\/wp-content\/uploads\/2023\/09\/IMG_0200-700x434.jpeg 700w, https:\/\/www.nataliaseibel.ch\/web\/wp-content\/uploads\/2023\/09\/IMG_0200-300x186.jpeg 300w, https:\/\/www.nataliaseibel.ch\/web\/wp-content\/uploads\/2023\/09\/IMG_0200-768x477.jpeg 768w, https:\/\/www.nataliaseibel.ch\/web\/wp-content\/uploads\/2023\/09\/IMG_0200-800x496.jpeg 800w, https:\/\/www.nataliaseibel.ch\/web\/wp-content\/uploads\/2023\/09\/IMG_0200-482x300.jpeg 482w, https:\/\/www.nataliaseibel.ch\/web\/wp-content\/uploads\/2023\/09\/IMG_0200.jpeg 1415w\" sizes=\"auto, (max-width: 700px) 100vw, 700px\" \/><\/figure>\n\n\n\n<div style=\"height:20px\" aria-hidden=\"true\" class=\"wp-block-spacer\"><\/div>\n\n\n\n<p>Wenn der Energiefluss blockiert ist, f\u00fchlen wir uns unausgeglichen und ersch\u00f6pft. Hilfe bietet die Energiearbeit, indem sie unsere Energien wieder zum Fliessen bringt.<\/p>\n\n\n\n<blockquote class=\"wp-block-quote is-style-default is-layout-flow wp-block-quote-is-layout-flow\">\n<p>Ein freier Energiefluss wirkt sich positiv auf unsere k\u00f6rperlichen, geistigen und seelischen Bereiche aus.<\/p>\n<\/blockquote>\n\n\n\n<p>Meine Arbeit orientiert sich an der Methode \u00abCantor Holistic Touch<sup>\u00ae<\/sup>\u00bb und am Heilwissen des Schamanismus. Durch diese Heiltechniken werden Ihre Energiezentren gekl\u00e4rt und harmonisiert, sowie Ihre Selbstheilungskr\u00e4fte gef\u00f6rdert. Damit k\u00f6nnen wir Ihre Blockaden angehen und Schritt f\u00fcr Schritt zur vollen Balance und Harmonie zwischen K\u00f6rper, Geist und Seele kommen.<\/p>\n\n\n\n<p>Gerne reiche ich Ihnen meine Hand und begleite Sie ein St\u00fcck auf Ihrem Weg. Ich freue mich auf Sie!<\/p>\n\n\n\n<h2 class=\"wp-block-heading\"><\/h2>\n\n\n\n<h2 class=\"wp-block-heading\"><\/h2>\n","protected":false},"excerpt":{"rendered":"<p>Wenn der Energiefluss blockiert ist, f\u00fchlen wir uns unausgeglichen und ersch\u00f6pft. Hilfe bietet die Energiearbeit, indem sie unsere Energien wieder zum Fliessen bringt. Ein freier Energiefluss wirkt sich positiv auf unsere k\u00f6rperlichen, geistigen und seelischen Bereiche aus. Meine Arbeit orientiert sich an der Methode \u00abCantor Holistic Touch\u00ae\u00bb und am Heilwissen des Schamanismus. Durch diese Heiltechniken&#8230;<\/p>\n","protected":false},"author":2,"featured_media":0,"parent":0,"menu_order":0,"comment_status":"closed","ping_status":"closed","template":"","meta":{"footnotes":""},"class_list":["post-2","page","type-page","status-publish","hentry"],"_links":{"self":[{"href":"https:\/\/www.nataliaseibel.ch\/web\/wp-json\/wp\/v2\/pages\/2","targetHints":{"allow":["GET"]}}],"collection":[{"href":"https:\/\/www.nataliaseibel.ch\/web\/wp-json\/wp\/v2\/pages"}],"about":[{"href":"https:\/\/www.nataliaseibel.ch\/web\/wp-json\/wp\/v2\/types\/page"}],"author":[{"embeddable":true,"href":"https:\/\/www.nataliaseibel.ch\/web\/wp-json\/wp\/v2\/users\/2"}],"replies":[{"embeddable":true,"href":"https:\/\/www.nataliaseibel.ch\/web\/wp-json\/wp\/v2\/comments?post=2"}],"version-history":[{"count":45,"href":"https:\/\/www.nataliaseibel.ch\/web\/wp-json\/wp\/v2\/pages\/2\/revisions"}],"predecessor-version":[{"id":778,"href":"https:\/\/www.nataliaseibel.ch\/web\/wp-json\/wp\/v2\/pages\/2\/revisions\/778"}],"wp:attachment":[{"href":"https:\/\/www.nataliaseibel.ch\/web\/wp-json\/wp\/v2\/media?parent=2"}],"curies":[{"name":"wp","href":"https:\/\/api.w.org\/{rel}","templated":true}]}}