{"id":196,"date":"2020-12-09T12:56:26","date_gmt":"2020-12-09T12:56:26","guid":{"rendered":"https:\/\/www.nataliaseibel.ch\/web\/?page_id=196"},"modified":"2025-05-04T18:08:58","modified_gmt":"2025-05-04T18:08:58","slug":"display-posts","status":"publish","type":"page","link":"https:\/\/www.nataliaseibel.ch\/web\/display-posts\/","title":{"rendered":"Aktuelles"},"content":{"rendered":"\n<ul class=\"display-posts-listing\"><li class=\"listing-item\"><a class=\"title\" href=\"https:\/\/www.nataliaseibel.ch\/web\/aktuelles\/probetraining-logra-im-orphideum-baden\/\">Probetraining Logra im Orphideum Baden<\/a> <span class=\"excerpt-dash\">-<\/span> <span class=\"excerpt\">Ich lade Sie herzlich zu einem kostenfreien Probetraining ein: Ort: Orphideum Baden, Oberstadtstrasse 10A, 5400 BadenZeit: dienstags von 19 bis 20 Uhr Logra ist eine Erweiterung meines Angebots f\u00fcr K\u00f6rper, Geist und Seele. Die \u00dcbungen wirken st\u00e4rkend und aufbauend &#8211; und bringen Sie Schritt f\u00fcr Schritt n\u00e4her zu Ihrem eigenen Logos. Das Erlernen der Logra-\u00dcbungen...<\/span><\/li><li class=\"listing-item\"><a class=\"title\" href=\"https:\/\/www.nataliaseibel.ch\/web\/aktuelles\/tag-der-offenen-tuer-am-10-mai-2025\/\">Tag der offenen T\u00fcr am 10. Mai 2025<\/a> <span class=\"excerpt-dash\">-<\/span> <span class=\"excerpt\">Anl\u00e4sslich seines 120. Geburtstags \u00f6ffnet das Haus \u00a0&#8222;Frau und Familie Baden&#8220; am 10. Mai 2025 seine T\u00fcren f\u00fcr die \u00d6ffentlichkeit und stellt sein vielf\u00e4ltiges Therapieangebot vor.In meinem Beitrag erz\u00e4hle ich Ihnen von meinen Einzelbehandlungen in der N\u00f6rdlichen Schamanischen Tradition \u2013 eine Reise zu innerer Balance und pers\u00f6nlicher Kraft.Ich freue mich sehr darauf, Sie in der...<\/span><\/li><li class=\"listing-item\"><a class=\"title\" href=\"https:\/\/www.nataliaseibel.ch\/web\/aktuelles\/patenschaft-fuer-die-cht-heilkunst-auf-dem-therapeuten-portal-gesund-ch\/\">Patenschaft f\u00fcr die Cantor Holistic Touch Heilkunst auf dem Therapeuten-Portal \u00abgesund.ch\u00bb<\/a> <span class=\"excerpt-dash\">-<\/span> <span class=\"excerpt\">Mit grosser Freude m\u00f6chte ich Ihnen mitteilen, dass ich vom Therapeutenportal \u00abgesund.ch\u00bb als Kooperationspartnerin ausgew\u00e4hlt wurde und die Patenschaft f\u00fcr die Cantor Holistic Touch Heilkunst \u00fcbernehmen darf. Unter dem folgenden Link finden Sie die Beschreibung der geistig-energetischen Heilarbeit: https:\/\/www.gesund.ch\/methode\/38<\/span><\/li><li class=\"listing-item\"><a class=\"title\" href=\"https:\/\/www.nataliaseibel.ch\/web\/aktuelles\/ich-bin-jetzt-auch-in-baden\/\">Ich bin jetzt in Baden.<\/a> <span class=\"excerpt-dash\">-<\/span> <span class=\"excerpt\">Auf eine wundersame Art und Weise darf mein Wirken im geistig-energetischen Bereich ab jetzt im wundersch\u00f6nen Haus &#8222;Frau und Familie Baden&#8220; eine ganzheitliche und vertrauensvolle Begleitung anbieten. Sei es Aktivierung der Selbstheilungskr\u00e4fte, pers\u00f6nliche Weiterentwicklung oder Neuorientierung auf Ihrem Lebensweg \u2013 Ihr seid ganz herzlich in die wohltuende Oase mitten in Baden eingeladen. https:\/\/www.frauundfamilie.ch\/therapierangebot\/coaching\/<\/span><\/li><\/ul>\n\n\n\n<p><\/p>\n","protected":false},"excerpt":{"rendered":"","protected":false},"author":2,"featured_media":0,"parent":0,"menu_order":0,"comment_status":"closed","ping_status":"closed","template":"","meta":{"footnotes":""},"class_list":["post-196","page","type-page","status-publish","hentry"],"_links":{"self":[{"href":"https:\/\/www.nataliaseibel.ch\/web\/wp-json\/wp\/v2\/pages\/196","targetHints":{"allow":["GET"]}}],"collection":[{"href":"https:\/\/www.nataliaseibel.ch\/web\/wp-json\/wp\/v2\/pages"}],"about":[{"href":"https:\/\/www.nataliaseibel.ch\/web\/wp-json\/wp\/v2\/types\/page"}],"author":[{"embeddable":true,"href":"https:\/\/www.nataliaseibel.ch\/web\/wp-json\/wp\/v2\/users\/2"}],"replies":[{"embeddable":true,"href":"https:\/\/www.nataliaseibel.ch\/web\/wp-json\/wp\/v2\/comments?post=196"}],"version-history":[{"count":4,"href":"https:\/\/www.nataliaseibel.ch\/web\/wp-json\/wp\/v2\/pages\/196\/revisions"}],"predecessor-version":[{"id":202,"href":"https:\/\/www.nataliaseibel.ch\/web\/wp-json\/wp\/v2\/pages\/196\/revisions\/202"}],"wp:attachment":[{"href":"https:\/\/www.nataliaseibel.ch\/web\/wp-json\/wp\/v2\/media?parent=196"}],"curies":[{"name":"wp","href":"https:\/\/api.w.org\/{rel}","templated":true}]}}